{"id":211,"date":"2017-02-17T10:25:30","date_gmt":"2017-02-17T17:25:30","guid":{"rendered":"https:\/\/noahdyer.com\/campaign\/asuntos\/"},"modified":"2017-03-03T14:36:20","modified_gmt":"2017-03-03T21:36:20","slug":"asuntos","status":"publish","type":"page","link":"https:\/\/noahdyer.com\/campaign\/asuntos\/?lang=es","title":{"rendered":"Asuntos"},"content":{"rendered":"\n<style type=\"text\/css\" data-created_by=\"avia_inline_auto\" id=\"style-css-av-av_section-85b0858170198b1e7ee4b6a1b5cc8360\">\n.avia-section.av-av_section-85b0858170198b1e7ee4b6a1b5cc8360{\nbackground-repeat:no-repeat;\nbackground-image:url(https:\/\/noahdyer.com\/campaign\/wp-content\/uploads\/2017\/02\/purple-bg-e1486999638105.jpg);\nbackground-position:50% 50%;\nbackground-attachment:scroll;\n}\n.avia-section.av-av_section-85b0858170198b1e7ee4b6a1b5cc8360 .av-section-color-overlay{\nopacity:0.4;\nbackground-color:#662d91;\n}\n<\/style>\n<div id='av_section_1'  class='avia-section av-av_section-85b0858170198b1e7ee4b6a1b5cc8360 main_color avia-section-default avia-no-border-styling  avia-builder-el-0  el_before_av_section  avia-builder-el-first  avia-full-stretch avia-bg-style-scroll av-section-color-overlay-active container_wrap fullsize'  data-section-bg-repeat='stretch'><div class=\"av-section-color-overlay-wrap\"><div class=\"av-section-color-overlay\"><\/div><div class='container av-section-cont-open' ><main  role=\"main\" itemprop=\"mainContentOfPage\"  class='template-page content  av-content-full alpha units'><div class='post-entry post-entry-type-page post-entry-211'><div class='entry-content-wrapper clearfix'>\n\n<style type=\"text\/css\" data-created_by=\"avia_inline_auto\" id=\"style-css-av-av_one_full-93407bb19249d2c06b1ab9d23b9661df\">\n#top .flex_column.av-av_one_full-93407bb19249d2c06b1ab9d23b9661df{\nmargin-top:0px;\nmargin-bottom:0px;\n}\n.flex_column.av-av_one_full-93407bb19249d2c06b1ab9d23b9661df{\n-webkit-border-radius:0px 0px 0px 0px;\n-moz-border-radius:0px 0px 0px 0px;\nborder-radius:0px 0px 0px 0px;\npadding:0px 0px 0px 0px;\n}\n.responsive #top #wrap_all .flex_column.av-av_one_full-93407bb19249d2c06b1ab9d23b9661df{\nmargin-top:0px;\nmargin-bottom:0px;\n}\n<\/style>\n<div  class='flex_column av-av_one_full-93407bb19249d2c06b1ab9d23b9661df av_one_full first flex_column_div av-zero-column-padding  '     ><section  class='av_textblock_section av-av_textblock-0366cc7376be6c9e82a3e9cc8987b64f '   itemscope=\"itemscope\" itemtype=\"https:\/\/schema.org\/CreativeWork\" ><div class='avia_textblock'  itemprop=\"text\" ><h1 style=\"text-align: center;\"><span style=\"color: #ffffff;\">Asuntos<\/span><\/h1>\n<\/div><\/section><\/div>\n\n<\/div><\/div><\/main><!-- close content main element --><\/div><\/div><\/div><div id='av_section_2'  class='avia-section av-av_section-bb9bdb22c7f9e6bf1d52c155825dc7f7 main_color avia-section-default avia-no-shadow  avia-builder-el-1  el_after_av_section  el_before_av_section  avia-bg-style-scroll container_wrap fullsize'  ><div class='container av-section-cont-open' ><div class='template-page content  av-content-full alpha units'><div class='post-entry post-entry-type-page post-entry-211'><div class='entry-content-wrapper clearfix'>\n\n<style type=\"text\/css\" data-created_by=\"avia_inline_auto\" id=\"style-css-av-av_one_full-6126cab7d8fab8d08143dd2dacdf673c\">\n.flex_column.av-av_one_full-6126cab7d8fab8d08143dd2dacdf673c{\n-webkit-border-radius:0px 0px 0px 0px;\n-moz-border-radius:0px 0px 0px 0px;\nborder-radius:0px 0px 0px 0px;\npadding:0px 0px 0px 0px;\n}\n<\/style>\n<div  class='flex_column av-av_one_full-6126cab7d8fab8d08143dd2dacdf673c av_one_full  avia-builder-el-2  avia-builder-el-no-sibling  first flex_column_div av-zero-column-padding  '     ><section  class='av_textblock_section av-av_textblock-0366cc7376be6c9e82a3e9cc8987b64f '   itemscope=\"itemscope\" itemtype=\"https:\/\/schema.org\/CreativeWork\" ><div class='avia_textblock'  itemprop=\"text\" ><h3><span style=\"font-weight: 400; color: #0098ad;\">Educaci\u00f3n<\/span><\/h3>\n<p><span style=\"font-weight: 400;\">No\u00e9 cree en la educaci\u00f3n equitativo para todos los Arizonenses. Cree que los estudiantes deben estar expuestos a los fundamentales de programaci\u00f3n de computadores desde el Kinder, y deben recibir entrenamiento en las ciencias avanzados con gran intensidad a trav\u00e9s de toda su educaci\u00f3n. El se opone a gastos del gobierno y pol\u00edticas de impuestos que contribuyen a la diferencia entre la educaci\u00f3n que reciben los ricos comparada a la que reciben la gente pobre y la clase media. El apoya iniciativos que trasladan el costo de educaci\u00f3n de los padres hacia los negocios que contratan los graduados de Arizona, por ejemplo con impuestos corporativos m\u00e1s grandes. En cambio, cree que los negocios tienen el derecho y la responsabilidad para influir los est\u00e1ndares educacionales para que los graduados de Arizona exceden sus expectativas. <\/span><\/p>\n<h3><span style=\"font-weight: 400; color: #0098ad;\">Empleos<\/span><\/h3>\n<p><span style=\"font-weight: 400;\">No\u00e9 cree que las compa\u00f1\u00edas grandes del futuro quieren localizarse en estados que tengan actitudes sociales progresivos y la infraestructura para proveer oportunidades para el \u00e9xito en negocios y tambi\u00e9n estilos de vida variados que sus empleados quieren. Adem\u00e1s, mientras negocios siempre van a pedir p\u00fablicamente que deseen impuestos demasiado bajos, tambi\u00e9n entienden que los impuestos apoderan la mejor educaci\u00f3n, seguridad, sistema de salud, y otros servicios del gobierno que son vitales para la ventaja competitiva. Amplios servicios del gobierno permiten que sus empleados tengan vidas c\u00f3modas y realizadas. El piensa en California (la econom\u00eda mas grande de los EE.UU) y Noruega (segunda en ingreso medio en el mundo) como solo dos ejemplos principales en donde compa\u00f1\u00edas aceptan regulaciones e impuestos a cambio de la excelencia.<br \/>\n<\/span><\/p>\n<h3><span style=\"font-weight: 400; color: #0098ad;\">Presupuesto<\/span><\/h3>\n<p><span style=\"font-weight: 400;\">No\u00e9 cree las deudas gubernamentales es un impuesto inmoral en la siguiente generaci\u00f3n, y opone cualquier presupuesto que no redima las deuda estatal r\u00e1pidamente.<\/span><\/p>\n<h3><span style=\"font-weight: 400; color: #0098ad;\">Inmigraci\u00f3n<\/span><\/h3>\n<p><span style=\"font-weight: 400;\">No\u00e9 cree que cualquier persona que quiera vivir en Arizona tiene igual derecho como alguien quien ya resida ac\u00e1, sin importar su nacionalidad al nacer. El cree que inmigrantes con buenas intenciones que vinieron aqu\u00ed a pesar de cuotas y restricciones al contrario deben recibir estado legal r\u00e1pidamente. <\/span><\/p>\n<h3><span style=\"font-weight: 400; color: #0098ad;\">Cuidado de la Salud<\/span><\/h3>\n<p><span style=\"font-weight: 400;\">No\u00e9 cree que todos los ciudadanos de Arizona deben acceso a servicios m\u00e9dicos de emergencia sin importar sus ingresos y aseguranza. Tambi\u00e9n cree que cada individuo tiene que ser responsable por sus propias acciones, y que los ciudadanos del estado no pueden ser responsables para los costos m\u00e9dicos que resultan por decisiones necias a trav\u00e9s de toda la vida. Reconoce que aun en casos de enfermedades mortales inesperados, los ciudadanos de Arizona no pueden soportar el costo de tratamientos caros que solo van a extender la vida brevemente, o agregar muy poca calidad a los d\u00edas restantes.<\/span><\/p>\n<h3><span style=\"font-weight: 400; color: #0098ad;\">Igualdad<\/span><\/h3>\n<p>No\u00e9 cree que cada Arizonense merece la misma protecci\u00f3n bajo la ley. Adicionalmente, no cree en simplemente tolerar la diversidad; sino cree en celebrarlo. No\u00e9 luchara para la igualdad pol\u00edtica y social para toda comunidad, incluyendo las mujeres, los Hispanos, los afroamericanos, los LGBTT, toda fe religiosa, y m\u00e1s. Estas diferencias se combinan de manera que cada individuo es \u00fanico, pero nuestro estado es bello, y deben ser apreciadas.<\/p>\n<h3><span style=\"font-weight: 400; color: #0098ad;\">Pobreza<\/span><\/h3>\n<p><span style=\"font-weight: 400;\">No\u00e9 cree que las personas que ganan m\u00e1s de $150.000 por a\u00f1o y los hogares que ganan m\u00e1s de $400.000 por a\u00f1o deben pasar tiempo relajante y enriquecerse financieramente a otros, y deben detener las actividades dise\u00f1adas para aumentar a\u00fan m\u00e1s sus ingresos personales. No\u00e9 no apoya la legislaci\u00f3n que obliga a ingresos m\u00e1ximos, pero utilizar\u00e1 las figuras antedichas como una gu\u00eda al aprobar la legislaci\u00f3n con consecuencias financieras. Siempre se preguntar\u00e1: \u00ab\u00bfEsta legislaci\u00f3n crea m\u00e1s ingresos excepcionalmente altos o saca m\u00e1s gente de la pobreza?\u00bb Comprende la realidad matem\u00e1tica de que esas dos posibilidades son antit\u00e9ticas, no se pueden hacer ambas al mismo tiempo. Cada vez que un individuo gana m\u00e1s que el ingreso mediano, otro gana menos. Cuando algunas personas ganan docenas o cientos de veces la renta mediana, entonces docenas, cientos, o incluso miles de personas son forzadas por debajo de la mediana.<\/span><\/p>\n<h3><span style=\"font-weight: 400; color: #0098ad;\">Legalizaci\u00f3n de la Marihuana<\/span><\/h3>\n<p><span style=\"font-weight: 400;\">No\u00e9 apoya la legalizaci\u00f3n de la marihuana, con normas de sentido com\u00fan para proteger a los vulnerables de los abusos, y la r\u00e1pida liberaci\u00f3n de todos los que han sido encarcelados exclusivamente por usarla y venderla.<\/span><\/p>\n<p>No\u00e9 no es un usuario de marihuana, pero piensa que es muy desafortunado que muchas personas que se beneficiar\u00edan del uso de cannabis no se sienten c\u00f3modos al usarlo debido al estigma que se le atribuye.<\/p>\n<h3><span style=\"font-weight: 400; color: #0098ad;\">Sostenibilidad<\/span><\/h3>\n<p><span style=\"font-weight: 400;\">No\u00e9 est\u00e1 comprometido a hacer todo lo que est\u00e9 a su alcance para asegurar que los Arizonenses de hoy en d\u00eda reduzcan el desperdicio y el conspicuo consumo. Las generaciones futuras deber\u00edan tener un mayor acceso a los recursos naturales y hermosos paisajes que hacen que Arizona sea grande, no menos. Apoya la expansi\u00f3n de las inversiones en infraestructura energ\u00e9tica sostenible y la investigaci\u00f3n, especialmente la solar.<\/span><\/p>\n<h3><span style=\"font-weight: 400; color: #0098ad;\">Armas<\/span><\/h3>\n<p><span style=\"font-weight: 400;\">No\u00e9 apoya el derecho de cualquiera que quiera poseer un arma para hacerlo. La Constituci\u00f3n comunica claramente que el prop\u00f3sito de permitir armas para todos es para organizar una milicia excelente. \u00a0En Arizona, la Milicia es la Guardia Nacional de Arizona, y \u00e9l esta considerando iniciativas qu requieren que los due\u00f1os de armas se asocian con la Guardia. \u00a0\u00c9l se imagina programas para facilitar la participaci\u00f3n de la Guardia Nacional por un n\u00famero mucho mayor de ciudadanos de Arizona sobre una base m\u00e1s limitada. <\/span><\/p>\n<p><span style=\"font-weight: 400;\">Adem\u00e1s, \u00e9l desalienta fuertemente a due\u00f1os de arma con ni\u00f1os de mantener sus armas en su hogar, pues aumentan exponencialmente el riesgo de sus peque\u00f1os siendo heridos o matados por una arma. No cree que esta recomendaci\u00f3n deber\u00eda ser consagrada en la legislaci\u00f3n. <\/span><\/p>\n<h3><span style=\"font-weight: 400; color: #0098ad;\">Vigilancia Federal y Seguridad Cibern\u00e9tica<\/span><\/h3>\n<p><span style=\"font-weight: 400;\">La comunidad de inteligencia federal debe ser suficientemente responsable ante las personas a las que sirve, lo que no ha sido as\u00ed desde hace alg\u00fan tiempo. La tecnolog\u00eda moderna ha exacerbado esta situaci\u00f3n. La manera m\u00e1s efectiva de desacelerar el problema de un gobierno de sombra que no se debe explicar es que los estados se unan y exigen una reforma. No\u00e9 construir\u00e1 una coalici\u00f3n de estados con la fuerza y la resoluci\u00f3n de exigir pr\u00e1cticas de inteligencia responsables y asegurar un acceso cibern\u00e9tico seguro para nosotros y para las generaciones venideras.<\/span><\/p>\n<h3><span style=\"font-weight: 400; color: #0098ad;\">Reforma Electoral<\/span><\/h3>\n<p><span style=\"font-weight: 400;\">No\u00e9 reconoce que los partidos pol\u00edticos juegan un papel valioso ayudando a los candidatos y votantes a organizar y difundir informaci\u00f3n fuera de las elecciones. Sin embargo, los partidos pol\u00edticos han legislado por s\u00ed mismos las ventajas injustas que socavan la elecci\u00f3n de candidatos moderados que mejor representan la voluntad del pueblo, y puede traer la unidad a los gobiernos disfuncionales, especialmente a nivel nacional. Para eliminar esas ventajas, No\u00e9 apoya las siguientes reformas:<\/span><\/p>\n<ul>\n<li style=\"font-weight: 400;\"><span style=\"font-weight: 400;\">\u2022 Las votaciones deben estar libres de todas las designaciones partidistas (por ejemplo, no (R), (D), etc. junto a los nombres de los candidatos).<\/span><\/li>\n<li style=\"font-weight: 400;\"><span style=\"font-weight: 400;\">\u2022 Las elecciones generales deben celebrarse entre los tres candidatos que ganan la elecci\u00f3n primaria, sin considerar los partidos pol\u00edticos.<\/span><\/li>\n<\/ul>\n<h3><span style=\"font-weight: 400; color: #0098ad;\">Reforma Correccional<\/span><\/h3>\n<p><span style=\"font-weight: 400;\">No\u00e9 apoya la recalibraci\u00f3n de nuestros recursos policiales y correccionales para centrarse en:<\/span><\/p>\n<ul>\n<li style=\"font-weight: 400;\"><span style=\"font-weight: 400;\">Restituci\u00f3n, cuando sea aplicable. <\/span><\/li>\n<li style=\"font-weight: 400;\"><span style=\"font-weight: 400;\">\u2022 Prevenci\u00f3n. <\/span><\/li>\n<li style=\"font-weight: 400;\"><span style=\"font-weight: 400;\">\u2022 Programas de rehabilitaci\u00f3n probados psicol\u00f3gicamente. La encarcelaci\u00f3n no es un programa de ese tipo.<\/span><\/li>\n<li style=\"font-weight: 400;\"><span style=\"font-weight: 400;\">\u2022 Las penas que tratan a todos los malhechores proporcionalmente (por ejemplo, horas de servicio en lugar de multas, puesto que multas son muy dif\u00edciles para los pobres, pero no afectan mucho a los ricos).<\/span><\/li>\n<li style=\"font-weight: 400;\"><span style=\"font-weight: 400;\">\u2022 No\u00e9 tambi\u00e9n reconoce que muchos criminales sufren de enfermedades mentales y apoya un programa de salud mental m\u00e1s robusto como parte de una estrategia de reducci\u00f3n del crimen.<\/span><\/li>\n<\/ul>\n<\/div><\/section><\/div>\n","protected":false},"excerpt":{"rendered":"","protected":false},"author":1,"featured_media":0,"parent":0,"menu_order":0,"comment_status":"closed","ping_status":"closed","template":"","meta":[],"_links":{"self":[{"href":"https:\/\/noahdyer.com\/campaign\/wp-json\/wp\/v2\/pages\/211\/?lang=es"}],"collection":[{"href":"https:\/\/noahdyer.com\/campaign\/wp-json\/wp\/v2\/pages\/?lang=es"}],"about":[{"href":"https:\/\/noahdyer.com\/campaign\/wp-json\/wp\/v2\/types\/page\/?lang=es"}],"author":[{"embeddable":true,"href":"https:\/\/noahdyer.com\/campaign\/wp-json\/wp\/v2\/users\/1\/?lang=es"}],"replies":[{"embeddable":true,"href":"https:\/\/noahdyer.com\/campaign\/wp-json\/wp\/v2\/comments\/?lang=es&post=211"}],"version-history":[{"count":4,"href":"https:\/\/noahdyer.com\/campaign\/wp-json\/wp\/v2\/pages\/211\/revisions\/?lang=es"}],"predecessor-version":[{"id":332,"href":"https:\/\/noahdyer.com\/campaign\/wp-json\/wp\/v2\/pages\/211\/revisions\/332\/?lang=es"}],"wp:attachment":[{"href":"https:\/\/noahdyer.com\/campaign\/wp-json\/wp\/v2\/media\/?lang=es&parent=211"}],"curies":[{"name":"wp","href":"https:\/\/api.w.org\/{rel}","templated":true}]}}