{"id":249,"date":"2017-02-17T10:59:53","date_gmt":"2017-02-17T17:59:53","guid":{"rendered":"https:\/\/noahdyer.com\/campaign\/escandalo-y-controversia\/"},"modified":"2017-02-17T10:59:53","modified_gmt":"2017-02-17T17:59:53","slug":"escandalo-y-controversia","status":"publish","type":"page","link":"https:\/\/noahdyer.com\/campaign\/escandalo-y-controversia\/?lang=es","title":{"rendered":"Esc\u00e1ndalo y Controversia"},"content":{"rendered":"\n<style type=\"text\/css\" data-created_by=\"avia_inline_auto\" id=\"style-css-av-av_section-957c9f3183354c4d84c7af9dd8abb2b6\">\n.avia-section.av-av_section-957c9f3183354c4d84c7af9dd8abb2b6{\nbackground-repeat:no-repeat;\nbackground-image:url(https:\/\/noahdyer.com\/campaign\/wp-content\/uploads\/2017\/02\/blue-bg-e1486999613585.jpg);\nbackground-position:50% 50%;\nbackground-attachment:scroll;\n}\n.avia-section.av-av_section-957c9f3183354c4d84c7af9dd8abb2b6 .av-section-color-overlay{\nopacity:0.4;\nbackground-color:#0098ad;\n}\n<\/style>\n<div id='av_section_1'  class='avia-section av-av_section-957c9f3183354c4d84c7af9dd8abb2b6 main_color avia-section-default avia-no-border-styling  avia-builder-el-0  el_before_av_section  avia-builder-el-first  avia-full-stretch avia-bg-style-scroll av-section-color-overlay-active container_wrap fullsize'  data-section-bg-repeat='stretch'><div class=\"av-section-color-overlay-wrap\"><div class=\"av-section-color-overlay\"><\/div><div class='container av-section-cont-open' ><main  role=\"main\" itemprop=\"mainContentOfPage\"  class='template-page content  av-content-full alpha units'><div class='post-entry post-entry-type-page post-entry-249'><div class='entry-content-wrapper clearfix'>\n\n<style type=\"text\/css\" data-created_by=\"avia_inline_auto\" id=\"style-css-av-av_one_full-93407bb19249d2c06b1ab9d23b9661df\">\n#top .flex_column.av-av_one_full-93407bb19249d2c06b1ab9d23b9661df{\nmargin-top:0px;\nmargin-bottom:0px;\n}\n.flex_column.av-av_one_full-93407bb19249d2c06b1ab9d23b9661df{\n-webkit-border-radius:0px 0px 0px 0px;\n-moz-border-radius:0px 0px 0px 0px;\nborder-radius:0px 0px 0px 0px;\npadding:0px 0px 0px 0px;\n}\n.responsive #top #wrap_all .flex_column.av-av_one_full-93407bb19249d2c06b1ab9d23b9661df{\nmargin-top:0px;\nmargin-bottom:0px;\n}\n<\/style>\n<div  class='flex_column av-av_one_full-93407bb19249d2c06b1ab9d23b9661df av_one_full  avia-builder-el-1  avia-builder-el-no-sibling  first flex_column_div av-zero-column-padding  '     ><section  class='av_textblock_section av-av_textblock-0366cc7376be6c9e82a3e9cc8987b64f '   itemscope=\"itemscope\" itemtype=\"https:\/\/schema.org\/CreativeWork\" ><div class='avia_textblock'  itemprop=\"text\" ><h1 style=\"text-align: center;\"><span style=\"font-weight: 400; color: #ffffff;\">Esc\u00e1ndalo y Controversia<\/span><\/h1>\n<\/div><\/section><\/div>\n\n<\/div><\/div><\/main><!-- close content main element --><\/div><\/div><\/div><div id='av_section_2'  class='avia-section av-av_section-bb9bdb22c7f9e6bf1d52c155825dc7f7 main_color avia-section-default avia-no-shadow  avia-builder-el-3  el_after_av_section  avia-builder-el-last  avia-bg-style-scroll container_wrap fullsize'  ><div class='container av-section-cont-open' ><div class='template-page content  av-content-full alpha units'><div class='post-entry post-entry-type-page post-entry-249'><div class='entry-content-wrapper clearfix'>\n\n<style type=\"text\/css\" data-created_by=\"avia_inline_auto\" id=\"style-css-av-av_one_full-6126cab7d8fab8d08143dd2dacdf673c\">\n.flex_column.av-av_one_full-6126cab7d8fab8d08143dd2dacdf673c{\n-webkit-border-radius:0px 0px 0px 0px;\n-moz-border-radius:0px 0px 0px 0px;\nborder-radius:0px 0px 0px 0px;\npadding:0px 0px 0px 0px;\n}\n<\/style>\n<div  class='flex_column av-av_one_full-6126cab7d8fab8d08143dd2dacdf673c av_one_full  avia-builder-el-4  avia-builder-el-no-sibling  first flex_column_div av-zero-column-padding  '     ><section  class='av_textblock_section av-av_textblock-0366cc7376be6c9e82a3e9cc8987b64f '   itemscope=\"itemscope\" itemtype=\"https:\/\/schema.org\/CreativeWork\" ><div class='avia_textblock'  itemprop=\"text\" ><p>Piensa en cu\u00e1nto tiempo pasan las campa\u00f1as pol\u00edticas cavando tierra en sus oponentes. No\u00e9 conf\u00eda en que todo el tiempo pasado de esta manera es derrochador y desafortunado. Es su creencia que los esc\u00e1ndalos inteligentemente revelados que salen de la carpinter\u00eda en medio de campa\u00f1as principalmente sirven para desviar y distraer de di\u00e1logo significativo.<\/p>\n<p>\u00c9l quiere tener una conversaci\u00f3n real.<\/p>\n<p>Su pasi\u00f3n es enfocarse en las ideas \u00fanicas e innovadoras que tiene para encender cambios positivos en nuestras comunidades. Sin embargo, est\u00e1 dispuesto a desvelar todos los detalles de su vida personal si esto significa que podemos mover la discusi\u00f3n de una manera productiva. Despu\u00e9s de todo, No\u00e9 es un candidato que cree firmemente que la falta de transparencia es un impedimento para un sistema pol\u00edtico productivo.<\/p>\n<p>As\u00ed que aqu\u00ed est\u00e1n, sus esc\u00e1ndalos &#8211; servidos en un plato de plata. \u00bfAlguna de las siguientes cosas afecta la habilidad de No\u00e9 de conducir a nuestro estado hacia un futuro m\u00e1s pr\u00f3spero? Ni un poquito, y \u00e9l es uno de los pocos candidatos que cree que eres lo suficientemente inteligente como para reconocer eso.<\/p>\n<h3><span style=\"font-weight: 400; color: #0098ad;\">Sexo<\/span><\/h3>\n<p><span style=\"font-weight: 400;\">No\u00e9 es un defensor de las relaciones abiertas. No\u00e9 ha tenido experiencias sexuales profundas y casuales con todo tipo de mujeres. Esto incluye mujeres casadas. Ha tenido sexo en grupo. Ha enviado y recibido textos \u00edntimos e im\u00e1genes, y ocasionalmente grab\u00f3 videos durante el sexo.<\/span><\/p>\n<p><span style=\"font-weight: 400;\">No\u00e9 siempre ha estado incre\u00edblemente al frente con sus parejas sexuales. Todas sus relaciones y acciones han sido legales y consensuales. Nunca ha obligado a nadie a cometer un acto sexual. No ha asaltado a nadie, ni ha sido f\u00edsica o emocionalmente abusivo hacia una pareja sexual. \u00c9l condena todo ese comportamiento.<br \/>\n<\/span><\/p>\n<h3><span style=\"font-weight: 400; color: #0098ad;\">Religi\u00f3n<\/span><\/h3>\n<p><span style=\"font-weight: 400;\">No\u00e9 cree que la religi\u00f3n es hermosa cuando inspira a la gente a servir a otros y perseverar a pesar de la adversidad. Alternativamente, ha hablado muy duramente cuando la religi\u00f3n se utiliza para defender la intolerancia e intimidar con el misticismo. Tales palabras duras son raras estos d\u00edas, pero si tu quisieras leer algunas de sus tiradas pasadas, no dude en desplazarse a trav\u00e9s de sus viejos postes de Facebook, que se fijan al p\u00fablico.<br \/>\n<\/span><\/p>\n<p><span style=\"font-weight: 400;\">No\u00e9 cree que todas las personas deben ser libres para creer lo que quieran sobre los or\u00edgenes del universo y c\u00f3mo funciona. Tambi\u00e9n cree que, cuando tales creencias tienen implicaciones pol\u00edticas y legales, deben ser debatidas y evaluadas seg\u00fan sus m\u00e9ritos, al igual que cualquier otra idea pol\u00edtica o jur\u00eddica.<\/span><\/p>\n<h3><span style=\"font-weight: 400; color: #0098ad;\">Finanzas Personales<\/span><\/h3>\n<p><span style=\"font-weight: 400;\">No\u00e9 tiene un valor neto negativo, dado que tiene casi $ 100,000 en deuda de pr\u00e9stamos estudiantiles. Su plan de pago de pr\u00e9stamos basado en ingresos es en realidad insuficiente para cubrir los intereses, y su saldo crece cada a\u00f1o.<\/span><\/p>\n<p><span style=\"font-weight: 400;\">Durante la recesi\u00f3n, No\u00e9 utiliz\u00f3 adelantos en efectivo de tarjetas de cr\u00e9dito para pagar decenas de miles de d\u00f3lares en manutenci\u00f3n de menores. \u00c9l pag\u00f3 algunas de esas deudas en su totalidad, pero termin\u00f3 arreglando algunas de esas deudas individualmente para en cualquier lugar de $ 0.25 a $ 0.75 al d\u00f3lar. Tambi\u00e9n vendi\u00f3 su casa en una venta corta.<\/span><\/p>\n<p><span style=\"font-weight: 400;\">No\u00e9 t\u00e9cnicamente ha estado sin hogar, y ha disfrutado de largos per\u00edodos de sof\u00e1 surf, viviendo en oficinas y otros arreglos de vida poco comunes. Afortunadamente, no ha conocido la falta de vivienda como la experimentada por muchas personas en las calles, con quien simpatiza.<\/span><\/p>\n<h3><span style=\"font-weight: 400; color: #0098ad;\">Familia<\/span><\/h3>\n<p><span style=\"font-weight: 400;\">No\u00e9 es divorciado. Seg\u00fan el acuerdo judicial, tiene a sus hijos el 30% del tiempo. En realidad \u00e9l los tiene apenas medio tiempo.<\/span><\/p>\n<p><span style=\"font-weight: 400;\">Como cualquier familia, ocasionalmente tiene peleas menores con su ex, padres y parientes extendidos, pero en general, atesora esas relaciones y las considera saludables.<\/span><\/p>\n<p><span style=\"font-weight: 400;\">No\u00e9 cree en apoyar familias de Arizona de todos los tipos y tama\u00f1os en sus esfuerzos por encontrar la felicidad y crear ciudadanos productivos.<br \/>\n<\/span><\/p>\n<h3><span style=\"font-weight: 400; color: #0098ad;\">Intimidad<\/span><\/h3>\n<p><span style=\"font-weight: 400;\">Tras las revelaciones de Edward Snowden, No\u00e9 se sinti\u00f3 muy inc\u00f3modo con el espionaje del gobierno nacional. Propuso una campa\u00f1a radical para vivir la vida en c\u00e1mara durante un a\u00f1o para llamar la atenci\u00f3n sobre dos puntos.<\/span><\/p>\n<ol>\n<li style=\"font-weight: 400;\"><span style=\"font-weight: 400;\">Es peligroso para un grupo de personas tener informaci\u00f3n superior sobre otro grupo de personas. Esto es cierto para el desequilibrio de la informaci\u00f3n entre las empresas de Big Data y sus clientes, y tambi\u00e9n entre los gobiernos y sus ciudadanos. <\/span><\/li>\n<li style=\"font-weight: 400;\"><span style=\"font-weight: 400;\">Las personas honestas no tienen nada de qu\u00e9 avergonzarse si sus actos privados son ampliamente conocidos.<\/span><\/li>\n<\/ol>\n<p><span style=\"font-weight: 400;\">La extrema disposici\u00f3n a ser transparente tanto en asuntos personales como pol\u00edticos es un valor fundamental que separa a No\u00e9 de cualquier otro candidato para el cargo. Lea sus pensamientos sobre Vigilancia Federal y Seguridad Cibern\u00e9tica para obtener informaci\u00f3n adicional.<\/span><\/p>\n<p>No\u00e9 no espera que el ciudadano medio se ajuste al mismo est\u00e1ndar de apertura y transparencia que aplica a s\u00ed mismo.<\/p>\n<\/div><\/section><\/div>\n\n","protected":false},"excerpt":{"rendered":"","protected":false},"author":1,"featured_media":0,"parent":0,"menu_order":0,"comment_status":"closed","ping_status":"closed","template":"","meta":[],"_links":{"self":[{"href":"https:\/\/noahdyer.com\/campaign\/wp-json\/wp\/v2\/pages\/249\/?lang=es"}],"collection":[{"href":"https:\/\/noahdyer.com\/campaign\/wp-json\/wp\/v2\/pages\/?lang=es"}],"about":[{"href":"https:\/\/noahdyer.com\/campaign\/wp-json\/wp\/v2\/types\/page\/?lang=es"}],"author":[{"embeddable":true,"href":"https:\/\/noahdyer.com\/campaign\/wp-json\/wp\/v2\/users\/1\/?lang=es"}],"replies":[{"embeddable":true,"href":"https:\/\/noahdyer.com\/campaign\/wp-json\/wp\/v2\/comments\/?lang=es&post=249"}],"version-history":[{"count":2,"href":"https:\/\/noahdyer.com\/campaign\/wp-json\/wp\/v2\/pages\/249\/revisions\/?lang=es"}],"predecessor-version":[{"id":251,"href":"https:\/\/noahdyer.com\/campaign\/wp-json\/wp\/v2\/pages\/249\/revisions\/251\/?lang=es"}],"wp:attachment":[{"href":"https:\/\/noahdyer.com\/campaign\/wp-json\/wp\/v2\/media\/?lang=es&parent=249"}],"curies":[{"name":"wp","href":"https:\/\/api.w.org\/{rel}","templated":true}]}}