{"id":252,"date":"2017-02-17T11:33:31","date_gmt":"2017-02-17T18:33:31","guid":{"rendered":"https:\/\/noahdyer.com\/campaign\/suscribete\/"},"modified":"2017-02-17T11:33:31","modified_gmt":"2017-02-17T18:33:31","slug":"suscribete","status":"publish","type":"page","link":"https:\/\/noahdyer.com\/campaign\/suscribete\/?lang=es","title":{"rendered":"Suscr\u00edbete"},"content":{"rendered":"\n<style type=\"text\/css\" data-created_by=\"avia_inline_auto\" id=\"style-css-av-av_section-790e6862f2732499bd11633e2a898afc\">\n.avia-section.av-av_section-790e6862f2732499bd11633e2a898afc{\nbackground-repeat:no-repeat;\nbackground-image:url(https:\/\/noahdyer.com\/campaign\/wp-content\/uploads\/2017\/02\/blue-bg-e1486999613585.jpg);\nbackground-position:50% 50%;\nbackground-attachment:scroll;\n}\n.avia-section.av-av_section-790e6862f2732499bd11633e2a898afc .av-section-color-overlay{\nopacity:0.5;\nbackground-color:#0098ad;\n}\n<\/style>\n<div id='av_section_1'  class='avia-section av-av_section-790e6862f2732499bd11633e2a898afc main_color avia-section-default avia-no-shadow  avia-builder-el-0  el_before_av_section  avia-builder-el-first  avia-full-stretch avia-bg-style-scroll av-section-color-overlay-active container_wrap fullsize'  data-section-bg-repeat='stretch'><div class=\"av-section-color-overlay-wrap\"><div class=\"av-section-color-overlay\"><\/div><div class='container av-section-cont-open' ><main  role=\"main\" itemprop=\"mainContentOfPage\"  class='template-page content  av-content-full alpha units'><div class='post-entry post-entry-type-page post-entry-252'><div class='entry-content-wrapper clearfix'>\n\n<style type=\"text\/css\" data-created_by=\"avia_inline_auto\" id=\"style-css-av-av_heading-c9128c66f75b9378a29be15025d9f1d4\">\n#top .av-special-heading.av-av_heading-c9128c66f75b9378a29be15025d9f1d4{\npadding-bottom:10px;\ncolor:#ffffff;\n}\nbody .av-special-heading.av-av_heading-c9128c66f75b9378a29be15025d9f1d4 .av-special-heading-tag .heading-char{\nfont-size:25px;\n}\n.av-special-heading.av-av_heading-c9128c66f75b9378a29be15025d9f1d4 .special-heading-inner-border{\nborder-color:#ffffff;\n}\n.av-special-heading.av-av_heading-c9128c66f75b9378a29be15025d9f1d4 .av-subheading{\nfont-size:15px;\n}\n<\/style>\n<div  class='av-special-heading av-av_heading-c9128c66f75b9378a29be15025d9f1d4 av-special-heading-h2 custom-color-heading blockquote modern-quote modern-centered  avia-builder-el-1  avia-builder-el-no-sibling '><h2 class='av-special-heading-tag'  itemprop=\"headline\"  >Suscr\u00edbete a la Lista de Email<\/h2><div class='av_custom_color av-subheading av-subheading_below'><p>Suscr\u00edbete para recibir noticias por email! \u00a0Al compartir tus intereses espec\u00edficos con No\u00e9, te enviar\u00e1 solamente las noticias pertinentes.<\/p>\n<\/div><div class=\"special-heading-border\"><div class=\"special-heading-inner-border\"><\/div><\/div><\/div>\n\n<\/div><\/div><\/main><!-- close content main element --><\/div><\/div><\/div><div id='av_section_2'  class='avia-section av-av_section-bb9bdb22c7f9e6bf1d52c155825dc7f7 main_color avia-section-default avia-no-shadow  avia-builder-el-2  el_after_av_section  avia-builder-el-last  avia-bg-style-scroll container_wrap fullsize'  ><div class='container av-section-cont-open' ><div class='template-page content  av-content-full alpha units'><div class='post-entry post-entry-type-page post-entry-252'><div class='entry-content-wrapper clearfix'>\n\n\n","protected":false},"excerpt":{"rendered":"","protected":false},"author":2,"featured_media":0,"parent":0,"menu_order":0,"comment_status":"closed","ping_status":"closed","template":"","meta":[],"_links":{"self":[{"href":"https:\/\/noahdyer.com\/campaign\/wp-json\/wp\/v2\/pages\/252\/?lang=es"}],"collection":[{"href":"https:\/\/noahdyer.com\/campaign\/wp-json\/wp\/v2\/pages\/?lang=es"}],"about":[{"href":"https:\/\/noahdyer.com\/campaign\/wp-json\/wp\/v2\/types\/page\/?lang=es"}],"author":[{"embeddable":true,"href":"https:\/\/noahdyer.com\/campaign\/wp-json\/wp\/v2\/users\/2\/?lang=es"}],"replies":[{"embeddable":true,"href":"https:\/\/noahdyer.com\/campaign\/wp-json\/wp\/v2\/comments\/?lang=es&post=252"}],"version-history":[{"count":3,"href":"https:\/\/noahdyer.com\/campaign\/wp-json\/wp\/v2\/pages\/252\/revisions\/?lang=es"}],"predecessor-version":[{"id":255,"href":"https:\/\/noahdyer.com\/campaign\/wp-json\/wp\/v2\/pages\/252\/revisions\/255\/?lang=es"}],"wp:attachment":[{"href":"https:\/\/noahdyer.com\/campaign\/wp-json\/wp\/v2\/media\/?lang=es&parent=252"}],"curies":[{"name":"wp","href":"https:\/\/api.w.org\/{rel}","templated":true}]}}